{"id":2605,"date":"2019-05-28T21:14:43","date_gmt":"2019-05-28T19:14:43","guid":{"rendered":"https:\/\/shop.kls.de\/?page_id=2605"},"modified":"2019-05-28T21:15:02","modified_gmt":"2019-05-28T19:15:02","slug":"home-demo","status":"publish","type":"page","link":"https:\/\/shop.kls.de\/en\/layout\/tpl-demo\/home-demo\/","title":{"rendered":"Home Demo"},"content":{"rendered":"<div class=\"wp-block-atomion-block-hero-slider undefined-wrapper alignfull\" data-autoplay=\"true\" data-show-dots=\"true\" data-show-arrows=\"true\" data-autoplay-speed=\"5000\" data-infinite-loop=\"true\" data-pause-on-hover=\"true\" data-slide-effect=\"fade-zoom\"><div class=\"undefined s1\"><div class=\"slide-1-hero-image\" style=\"background-image:url(https:\/\/shop.kls.de\/wp-content\/uploads\/2018\/09\/home-hero-slider-4.jpg);background-position:center\"><img decoding=\"async\" src=\"https:\/\/shop.kls.de\/wp-content\/uploads\/2018\/09\/home-hero-slider-4.jpg\"\/><div class=\"hero-slider-content-wrapper\" style=\"text-align:center\"><div class=\"hero-slider-content\" style=\"text-align:center;justify-content:center\"><div class=\"inner\"><span class=\"pre-heading\" style=\"color:#ffffff\">Komme mit uns wandern<\/span><h3 style=\"color:#ffffff\">Wander<br\/>Bekleidung<\/h3><a style=\"color:#ffffff;box-shadow:inset 0 0 0 4px #ffffff\" class=\"button outline\" href=\"#\">Mehr erfahren<\/a><\/div><\/div><\/div><\/div><\/div><div class=\"undefined s2\"><div class=\"slide-2-hero-image\" style=\"background-image:url(https:\/\/shop.kls.de\/wp-content\/uploads\/2018\/09\/home-hero-slider-2.jpg);background-position:center\"><img decoding=\"async\" src=\"https:\/\/shop.kls.de\/wp-content\/uploads\/2018\/09\/home-hero-slider-2.jpg\"\/><div class=\"hero-slider-content-wrapper\"><div class=\"hero-slider-content\" style=\"text-align:left;justify-content:flex-start\"><div class=\"inner\"><span class=\"pre-heading\" style=\"color:#313131\">Sie ist da.<\/span><h3 style=\"color:#313131\">Neue<br\/>Kollektion<\/h3><a class=\"button atomion-button-filled\" href=\"#\">Jetzt Anschauen<\/a><\/div><\/div><\/div><\/div><\/div><div class=\"undefined s3\"><div class=\"slide-3-hero-image\" style=\"background-image:url(https:\/\/shop.kls.de\/wp-content\/uploads\/2018\/09\/home-hero-slider-3.jpg);background-position:center\"><img decoding=\"async\" src=\"https:\/\/shop.kls.de\/wp-content\/uploads\/2018\/09\/home-hero-slider-3.jpg\"\/><div class=\"hero-slider-content-wrapper\"><div class=\"hero-slider-content\" style=\"text-align:right;justify-content:flex-end\"><div class=\"inner\"><span class=\"pre-heading\" style=\"color:#ffffff\">SKATEBOARD-FIEBER<\/span><h3 style=\"color:#ffffff\">Die neuen<br\/>Boards sind da<\/h3><a class=\"button outline\" style=\"color:#ffffff;box-shadow:inset 0 0 0 4px #ffffff\" href=\"#\">Jetzt anschauen<\/a><\/div><\/div><\/div><\/div><\/div><\/div><div style=\"height:20px\" aria-hidden=\"true\" class=\"wp-block-spacer\"><\/div><h2 style=\"text-align:center\" class=\"atomion-big-headline wp-block-heading\">Neue Produkte<\/h2><p style=\"text-align:center\" class=\"translation-block\">Neue Produkte, die dir das Leben leichter<br>machen werden.<\/p><p style=\"font-size:17px;text-align:center\" class=\"atomion-angel-right\"><strong><a href=\"#\">Alle neuen Produkte ansehen<\/a><\/strong><\/p><div style=\"height:50px\" aria-hidden=\"true\" class=\"wp-block-spacer\"><\/div><div style=\"height:50px\" aria-hidden=\"true\" class=\"wp-block-spacer\"><\/div><div class=\"wp-block-columns has-2-columns is-layout-flex wp-container-core-columns-is-layout-1 wp-block-columns-is-layout-flex\"><div class=\"wp-block-column is-layout-flow wp-block-column-is-layout-flow\"><div class=\"wp-block-atomion-block-content-box-1-1 atomion-big-headline\"><div class=\"content-box-content\" style=\"text-align:left\"><span class=\"pre-headline\" style=\"color:#37B9E3\">Das sind wir, lerne uns kennen.<\/span><h3 class=\"translation-block\">Tolle Produkte kann jeder.<br>Wir machen perfekte.<\/h3><p>Lorem ipsum dolor sit amet, consectetuer adipiscing elit. Aenean commodo ligula eget dolor. Aenean massa. Cum sociis natoque penatibus et magnis dis parturient montes, nascetur ridiculus mus. Donec quam felis, ultricies nec, pellentesque eu, pretium quis, sem. Nulla consequat massa quis enim. Donec pede justo, fringilla vel, aliquet nec, vulputate eget, arcu.<\/p><a class=\"button atomion-button-filled\" href=\"#\">Check this!<\/a><\/div><\/div><\/div>\n\n<div class=\"wp-block-column is-layout-flow wp-block-column-is-layout-flow\"><figure class=\"wp-block-image\"><img fetchpriority=\"high\" decoding=\"async\" width=\"1000\" height=\"647\" src=\"https:\/\/shop.kls.de\/wp-content\/uploads\/2018\/09\/atomion-home-deko.jpg\" alt=\"\" class=\"wp-image-2143\" srcset=\"https:\/\/shop.kls.de\/wp-content\/uploads\/2018\/09\/atomion-home-deko.jpg 1000w, https:\/\/shop.kls.de\/wp-content\/uploads\/2018\/09\/atomion-home-deko-600x388.jpg 600w, https:\/\/shop.kls.de\/wp-content\/uploads\/2018\/09\/atomion-home-deko-300x194.jpg 300w, https:\/\/shop.kls.de\/wp-content\/uploads\/2018\/09\/atomion-home-deko-768x497.jpg 768w, https:\/\/shop.kls.de\/wp-content\/uploads\/2018\/09\/atomion-home-deko-380x245.jpg 380w\" sizes=\"(max-width: 1000px) 100vw, 1000px\" \/><\/figure><\/div><\/div><div style=\"height:50px\" aria-hidden=\"true\" class=\"wp-block-spacer\"><\/div><hr class=\"wp-block-separator alignfull\"\/><div style=\"height:40px\" aria-hidden=\"true\" class=\"wp-block-spacer\"><\/div><h2 style=\"text-align:center\" class=\"atomion-big-headline wp-block-heading\">Empfohlene Produkte<\/h2><div style=\"height:20px\" aria-hidden=\"true\" class=\"wp-block-spacer\"><\/div><div data-block-name=\"woocommerce\/product-best-sellers\" data-display-as=\"atomion-product-carousel \" data-rows=\"2\" class=\"wc-block-grid wp-block-product-best-sellers wp-block-woocommerce-product-best-sellers wc-block-product-best-sellers has-3-columns has-multiple-rows\"><ul class=\"wc-block-grid__products\"><li class=\"wc-block-grid__product\">\n\t\t\t\t<a href=\"https:\/\/shop.kls.de\/en\/product\/kls-comp\/\" class=\"wc-block-grid__product-link\">\n\t\t\t\t\t\n\t\t\t\t\t<div class=\"wc-block-grid__product-image\"><img decoding=\"async\" width=\"300\" height=\"300\" src=\"https:\/\/shop.kls.de\/wp-content\/uploads\/2019\/05\/kls-reifenwaermer-moto-comp-800x800-300x300.png\" class=\"attachment-woocommerce_thumbnail size-woocommerce_thumbnail\" alt=\"Reifenw\u00e4rmer KLS comp\" srcset=\"https:\/\/shop.kls.de\/wp-content\/uploads\/2019\/05\/kls-reifenwaermer-moto-comp-800x800-300x300.png 300w, https:\/\/shop.kls.de\/wp-content\/uploads\/2019\/05\/kls-reifenwaermer-moto-comp-800x800-200x200.png 200w, https:\/\/shop.kls.de\/wp-content\/uploads\/2019\/05\/kls-reifenwaermer-moto-comp-800x800-600x600.png 600w, https:\/\/shop.kls.de\/wp-content\/uploads\/2019\/05\/kls-reifenwaermer-moto-comp-800x800-150x150.png 150w, https:\/\/shop.kls.de\/wp-content\/uploads\/2019\/05\/kls-reifenwaermer-moto-comp-800x800-768x768.png 768w, https:\/\/shop.kls.de\/wp-content\/uploads\/2019\/05\/kls-reifenwaermer-moto-comp-800x800.png 800w\" sizes=\"(max-width: 300px) 100vw, 300px\" \/><\/div>\n\t\t\t\t\t<div class=\"wc-block-grid__product-title\">Tyre warmer KLS comp<\/div>\n\t\t\t\t<\/a>\n\t\t\t\t<div class=\"wc-block-grid__product-price price\"><span class=\"woocommerce-Price-amount amount\">649,00<span class=\"woocommerce-Price-currencySymbol\">\u20ac<\/span><\/span> <small class=\"woocommerce-price-suffix\">Inklusive Mehrwertsteuer<\/small><\/div>\n\t\t\t\t\n\t\t\t\t<div class=\"wp-block-button wc-block-grid__product-add-to-cart\"><a href=\"https:\/\/shop.kls.de\/en\/product\/kls-comp\/\" aria-label=\"Add to basket: \u201cReifenw\u00e4rmer KLS comp\u201d\" data-quantity=\"1\" data-product_id=\"2751\" data-product_sku=\"RWC-0001\" data-price=\"649\" rel=\"nofollow\" class=\"wp-block-button__link  add_to_cart_button\" data-no-translation-aria-label=\"\">zur Produktauswahl<\/a><\/div>\n\t\t\t<\/li><li class=\"wc-block-grid__product\">\n\t\t\t\t<a href=\"https:\/\/shop.kls.de\/en\/product\/kls-prox-tst\/\" class=\"wc-block-grid__product-link\">\n\t\t\t\t\t\n\t\t\t\t\t<div class=\"wc-block-grid__product-image\"><img decoding=\"async\" width=\"300\" height=\"300\" src=\"https:\/\/shop.kls.de\/wp-content\/uploads\/2019\/05\/kls-reifenwaermer-moto-prox-800x800-300x300.png\" class=\"attachment-woocommerce_thumbnail size-woocommerce_thumbnail\" alt=\"Reifenw\u00e4rmer KLS proX-TST\" srcset=\"https:\/\/shop.kls.de\/wp-content\/uploads\/2019\/05\/kls-reifenwaermer-moto-prox-800x800-300x300.png 300w, https:\/\/shop.kls.de\/wp-content\/uploads\/2019\/05\/kls-reifenwaermer-moto-prox-800x800-200x200.png 200w, https:\/\/shop.kls.de\/wp-content\/uploads\/2019\/05\/kls-reifenwaermer-moto-prox-800x800-600x600.png 600w, https:\/\/shop.kls.de\/wp-content\/uploads\/2019\/05\/kls-reifenwaermer-moto-prox-800x800-150x150.png 150w, https:\/\/shop.kls.de\/wp-content\/uploads\/2019\/05\/kls-reifenwaermer-moto-prox-800x800-768x768.png 768w, https:\/\/shop.kls.de\/wp-content\/uploads\/2019\/05\/kls-reifenwaermer-moto-prox-800x800.png 800w\" sizes=\"(max-width: 300px) 100vw, 300px\" \/><\/div>\n\t\t\t\t\t<div class=\"wc-block-grid__product-title\">Reifenw\u00e4rmer KLS proX-TST<\/div>\n\t\t\t\t<\/a>\n\t\t\t\t<div class=\"wc-block-grid__product-price price\"><span class=\"woocommerce-Price-amount amount\">849,00<span class=\"woocommerce-Price-currencySymbol\">\u20ac<\/span><\/span> <small class=\"woocommerce-price-suffix\">Inklusive Mehrwertsteuer<\/small><\/div>\n\t\t\t\t\n\t\t\t\t<div class=\"wp-block-button wc-block-grid__product-add-to-cart\"><a href=\"https:\/\/shop.kls.de\/en\/product\/kls-prox-tst\/\" aria-label=\"Add to basket: \u201cReifenw\u00e4rmer KLS proX-TST\u201d\" data-quantity=\"1\" data-product_id=\"2970\" data-product_sku=\"RWP-0005\" data-price=\"849\" rel=\"nofollow\" class=\"wp-block-button__link  add_to_cart_button\" data-no-translation-aria-label=\"\">zur Produktauswahl<\/a><\/div>\n\t\t\t<\/li><li class=\"wc-block-grid__product\">\n\t\t\t\t<a href=\"https:\/\/shop.kls.de\/en\/product\/kls-comp-nomex\/\" class=\"wc-block-grid__product-link\">\n\t\t\t\t\t\n\t\t\t\t\t<div class=\"wc-block-grid__product-image\"><img loading=\"lazy\" decoding=\"async\" width=\"300\" height=\"300\" src=\"https:\/\/shop.kls.de\/wp-content\/uploads\/2019\/05\/tyrewarmer-kls-comp-color-blue-nomex-300x300.jpg\" class=\"attachment-woocommerce_thumbnail size-woocommerce_thumbnail\" alt=\"Reifenw\u00e4rmer KLS comp (Nomex)\" srcset=\"https:\/\/shop.kls.de\/wp-content\/uploads\/2019\/05\/tyrewarmer-kls-comp-color-blue-nomex-300x300.jpg 300w, https:\/\/shop.kls.de\/wp-content\/uploads\/2019\/05\/tyrewarmer-kls-comp-color-blue-nomex-200x200.jpg 200w, https:\/\/shop.kls.de\/wp-content\/uploads\/2019\/05\/tyrewarmer-kls-comp-color-blue-nomex-600x600.jpg 600w, https:\/\/shop.kls.de\/wp-content\/uploads\/2019\/05\/tyrewarmer-kls-comp-color-blue-nomex-150x150.jpg 150w, https:\/\/shop.kls.de\/wp-content\/uploads\/2019\/05\/tyrewarmer-kls-comp-color-blue-nomex-768x768.jpg 768w, https:\/\/shop.kls.de\/wp-content\/uploads\/2019\/05\/tyrewarmer-kls-comp-color-blue-nomex-1024x1024.jpg 1024w, https:\/\/shop.kls.de\/wp-content\/uploads\/2019\/05\/tyrewarmer-kls-comp-color-blue-nomex.jpg 1200w\" sizes=\"(max-width: 300px) 100vw, 300px\" \/><\/div>\n\t\t\t\t\t<div class=\"wc-block-grid__product-title\">Tyre warmer KLS com (Nomex)<\/div>\n\t\t\t\t<\/a>\n\t\t\t\t<div class=\"wc-block-grid__product-price price\"><span class=\"woocommerce-Price-amount amount\">679,00<span class=\"woocommerce-Price-currencySymbol\">\u20ac<\/span><\/span> <small class=\"woocommerce-price-suffix\">Inklusive Mehrwertsteuer<\/small><\/div>\n\t\t\t\t\n\t\t\t\t<div class=\"wp-block-button wc-block-grid__product-add-to-cart\"><a href=\"https:\/\/shop.kls.de\/en\/product\/kls-comp-nomex\/\" aria-label=\"Add to basket: \u201cReifenw\u00e4rmer KLS comp (Nomex)\u201d\" data-quantity=\"1\" data-product_id=\"2922\" data-product_sku=\"RWC-0002\" data-price=\"679\" rel=\"nofollow\" class=\"wp-block-button__link  add_to_cart_button\" data-no-translation-aria-label=\"\">zur Produktauswahl<\/a><\/div>\n\t\t\t<\/li><li class=\"wc-block-grid__product\">\n\t\t\t\t<a href=\"https:\/\/shop.kls.de\/en\/product\/kls-prox-tst-nomex\/\" class=\"wc-block-grid__product-link\">\n\t\t\t\t\t\n\t\t\t\t\t<div class=\"wc-block-grid__product-image\"><img loading=\"lazy\" decoding=\"async\" width=\"300\" height=\"300\" src=\"https:\/\/shop.kls.de\/wp-content\/uploads\/2019\/06\/tyrewarmer-kls-prox-color-red-nomex-300x300.jpg\" class=\"attachment-woocommerce_thumbnail size-woocommerce_thumbnail\" alt=\"Reifenw\u00e4rmer KLS proX-TST (Nomex)\" srcset=\"https:\/\/shop.kls.de\/wp-content\/uploads\/2019\/06\/tyrewarmer-kls-prox-color-red-nomex-300x300.jpg 300w, https:\/\/shop.kls.de\/wp-content\/uploads\/2019\/06\/tyrewarmer-kls-prox-color-red-nomex-200x200.jpg 200w, https:\/\/shop.kls.de\/wp-content\/uploads\/2019\/06\/tyrewarmer-kls-prox-color-red-nomex-600x600.jpg 600w, https:\/\/shop.kls.de\/wp-content\/uploads\/2019\/06\/tyrewarmer-kls-prox-color-red-nomex-150x150.jpg 150w, https:\/\/shop.kls.de\/wp-content\/uploads\/2019\/06\/tyrewarmer-kls-prox-color-red-nomex-768x768.jpg 768w, https:\/\/shop.kls.de\/wp-content\/uploads\/2019\/06\/tyrewarmer-kls-prox-color-red-nomex.jpg 800w\" sizes=\"(max-width: 300px) 100vw, 300px\" \/><\/div>\n\t\t\t\t\t<div class=\"wc-block-grid__product-title\">Reifenw\u00e4rmer KLS proX-TST (Nomex)<\/div>\n\t\t\t\t<\/a>\n\t\t\t\t<div class=\"wc-block-grid__product-price price\"><span class=\"woocommerce-Price-amount amount\">899,00<span class=\"woocommerce-Price-currencySymbol\">\u20ac<\/span><\/span> <small class=\"woocommerce-price-suffix\">Inklusive Mehrwertsteuer<\/small><\/div>\n\t\t\t\t\n\t\t\t\t<div class=\"wp-block-button wc-block-grid__product-add-to-cart\"><a href=\"https:\/\/shop.kls.de\/en\/product\/kls-prox-tst-nomex\/\" aria-label=\"Add to basket: \u201cReifenw\u00e4rmer KLS proX-TST (Nomex)\u201d\" data-quantity=\"1\" data-product_id=\"4193\" data-product_sku=\"\" data-price=\"899\" rel=\"nofollow\" class=\"wp-block-button__link  add_to_cart_button\" data-no-translation-aria-label=\"\">zur Produktauswahl<\/a><\/div>\n\t\t\t<\/li><li class=\"wc-block-grid__product\">\n\t\t\t\t<a href=\"https:\/\/shop.kls.de\/en\/product\/kls-prox-tcu-nomex\/\" class=\"wc-block-grid__product-link\">\n\t\t\t\t\t\n\t\t\t\t\t<div class=\"wc-block-grid__product-image\"><img loading=\"lazy\" decoding=\"async\" width=\"300\" height=\"300\" src=\"https:\/\/shop.kls.de\/wp-content\/uploads\/2019\/06\/tyrewarmer-kls-prox-color-red-nomex-300x300.jpg\" class=\"attachment-woocommerce_thumbnail size-woocommerce_thumbnail\" alt=\"Reifenw\u00e4rmer KLS proX-TCU (Nomex)\" srcset=\"https:\/\/shop.kls.de\/wp-content\/uploads\/2019\/06\/tyrewarmer-kls-prox-color-red-nomex-300x300.jpg 300w, https:\/\/shop.kls.de\/wp-content\/uploads\/2019\/06\/tyrewarmer-kls-prox-color-red-nomex-200x200.jpg 200w, https:\/\/shop.kls.de\/wp-content\/uploads\/2019\/06\/tyrewarmer-kls-prox-color-red-nomex-600x600.jpg 600w, https:\/\/shop.kls.de\/wp-content\/uploads\/2019\/06\/tyrewarmer-kls-prox-color-red-nomex-150x150.jpg 150w, https:\/\/shop.kls.de\/wp-content\/uploads\/2019\/06\/tyrewarmer-kls-prox-color-red-nomex-768x768.jpg 768w, https:\/\/shop.kls.de\/wp-content\/uploads\/2019\/06\/tyrewarmer-kls-prox-color-red-nomex.jpg 800w\" sizes=\"(max-width: 300px) 100vw, 300px\" \/><\/div>\n\t\t\t\t\t<div class=\"wc-block-grid__product-title\">Reifenw\u00e4rmer KLS proX-TCU (Nomex)<\/div>\n\t\t\t\t<\/a>\n\t\t\t\t<div class=\"wc-block-grid__product-price price\"><span class=\"woocommerce-Price-amount amount\">1.399,00<span class=\"woocommerce-Price-currencySymbol\">\u20ac<\/span><\/span> <small class=\"woocommerce-price-suffix\">Inklusive Mehrwertsteuer<\/small><\/div>\n\t\t\t\t\n\t\t\t\t<div class=\"wp-block-button wc-block-grid__product-add-to-cart\"><a href=\"https:\/\/shop.kls.de\/en\/product\/kls-prox-tcu-nomex\/\" aria-label=\"Add to basket: \u201cReifenw\u00e4rmer KLS proX-TCU (Nomex)\u201d\" data-quantity=\"1\" data-product_id=\"4410\" data-product_sku=\"RWP-0004\" data-price=\"1399\" rel=\"nofollow\" class=\"wp-block-button__link  add_to_cart_button\" data-no-translation-aria-label=\"\">zur Produktauswahl<\/a><\/div>\n\t\t\t<\/li><li class=\"wc-block-grid__product\">\n\t\t\t\t<a href=\"https:\/\/shop.kls.de\/en\/product\/kls-prox-tcu\/\" class=\"wc-block-grid__product-link\">\n\t\t\t\t\t\n\t\t\t\t\t<div class=\"wc-block-grid__product-image\"><img loading=\"lazy\" decoding=\"async\" width=\"300\" height=\"300\" src=\"https:\/\/shop.kls.de\/wp-content\/uploads\/2019\/10\/kls-reifenwaermer-moto-prox-tcu-800x800-300x300.png\" class=\"attachment-woocommerce_thumbnail size-woocommerce_thumbnail\" alt=\"Reifenw\u00e4rmer KLS proX-TCU\" srcset=\"https:\/\/shop.kls.de\/wp-content\/uploads\/2019\/10\/kls-reifenwaermer-moto-prox-tcu-800x800-300x300.png 300w, https:\/\/shop.kls.de\/wp-content\/uploads\/2019\/10\/kls-reifenwaermer-moto-prox-tcu-800x800-200x200.png 200w, https:\/\/shop.kls.de\/wp-content\/uploads\/2019\/10\/kls-reifenwaermer-moto-prox-tcu-800x800-600x600.png 600w, https:\/\/shop.kls.de\/wp-content\/uploads\/2019\/10\/kls-reifenwaermer-moto-prox-tcu-800x800-150x150.png 150w, https:\/\/shop.kls.de\/wp-content\/uploads\/2019\/10\/kls-reifenwaermer-moto-prox-tcu-800x800-768x768.png 768w, https:\/\/shop.kls.de\/wp-content\/uploads\/2019\/10\/kls-reifenwaermer-moto-prox-tcu-800x800.png 800w\" sizes=\"(max-width: 300px) 100vw, 300px\" \/><\/div>\n\t\t\t\t\t<div class=\"wc-block-grid__product-title\">Reifenw\u00e4rmer KLS proX-TCU<\/div>\n\t\t\t\t<\/a>\n\t\t\t\t<div class=\"wc-block-grid__product-price price\"><span class=\"woocommerce-Price-amount amount\">1.249,00<span class=\"woocommerce-Price-currencySymbol\">\u20ac<\/span><\/span> <small class=\"woocommerce-price-suffix\">Inklusive Mehrwertsteuer<\/small><\/div>\n\t\t\t\t\n\t\t\t\t<div class=\"wp-block-button wc-block-grid__product-add-to-cart\"><a href=\"https:\/\/shop.kls.de\/en\/product\/kls-prox-tcu\/\" aria-label=\"Add to basket: \u201cReifenw\u00e4rmer KLS proX-TCU\u201d\" data-quantity=\"1\" data-product_id=\"4408\" data-product_sku=\"RWP-0003\" data-price=\"1249\" rel=\"nofollow\" class=\"wp-block-button__link  add_to_cart_button\" data-no-translation-aria-label=\"\">zur Produktauswahl<\/a><\/div>\n\t\t\t<\/li><\/ul><\/div><div style=\"height:70px\" aria-hidden=\"true\" class=\"wp-block-spacer\"><\/div><hr class=\"wp-block-separator alignfull\"\/><div style=\"height:30px\" aria-hidden=\"true\" class=\"wp-block-spacer\"><\/div><div class=\"wp-block-columns has-4-columns is-layout-flex wp-container-core-columns-is-layout-2 wp-block-columns-is-layout-flex\"><div class=\"wp-block-column is-layout-flow wp-block-column-is-layout-flow\"><div class=\"wp-block-atomion-block-icon-box icon-box\" style=\"text-align:center\"><i class=\"icon far fa-clock\" style=\"color:#37B9E3;font-size:61px\"><\/i><span class=\"pre-headding\">1A<\/span><h3>Beste Qualit\u00e4t<\/h3><p>Lorem ipsum dolor sit amet, consectetuer adipiscing elit. Aenean commodo ligula eget dolor. Aenean.<\/p><\/div><\/div>\n\n<div class=\"wp-block-column is-layout-flow wp-block-column-is-layout-flow\"><div class=\"wp-block-atomion-block-icon-box icon-box\" style=\"text-align:center\"><i class=\"icon far fa-check-circle\" style=\"color:#37B9E3;font-size:64px\"><\/i><span class=\"pre-headding\">Freude am \u00d6ffnen<\/span><h3>Es gibt immer eine kleine \u00dcberraschung<\/h3><p>Lorem ipsum dolor sit amet, consectetuer adipiscing elit. Aenean commodo ligula eget dolor. Aenean.<\/p><\/div><\/div>\n\n<div class=\"wp-block-column is-layout-flow wp-block-column-is-layout-flow\"><div class=\"wp-block-atomion-block-icon-box icon-box\" style=\"text-align:center\"><i class=\"icon far fa-smile\" style=\"color:#37B9E3;font-size:68px\"><\/i><span class=\"pre-headding\">30 Tage<\/span><h3>Einen ganzen Monat Umtauschrecht.<\/h3><p>Lorem ipsum dolor sit amet, consectetuer adipiscing elit. Aenean commodo ligula eget dolor. Aenean.<\/p><\/div><\/div>\n\n<div class=\"wp-block-column is-layout-flow wp-block-column-is-layout-flow\"><div class=\"wp-block-atomion-block-icon-box icon-box\" style=\"text-align:center\"><i class=\"icon fas fa-anchor\" style=\"color:#37B9E3;font-size:72px\"><\/i><span class=\"pre-headding\">Ahoi<\/span><h3>Gru\u00df an Hamburg<\/h3><p>Hier kommt dein w\u00fcrdiger Nachfolger um dich altes Eisen abzul\u00f6sen. Danke f\u00fcr deine Dienste.<\/p><\/div><\/div><\/div><div style=\"height:20px\" aria-hidden=\"true\" class=\"wp-block-spacer\"><\/div>","protected":false},"excerpt":{"rendered":"<p>Neue Produkte Neue Produkte, die dir das Leben leichtermachen werden. Alle neuen Produkte ansehen\ufeff Empfohlene Produkte<\/p>","protected":false},"author":1,"featured_media":0,"parent":2603,"menu_order":3,"comment_status":"closed","ping_status":"closed","template":"page-blank.php","meta":{"slim_seo":[],"footnotes":""},"class_list":["post-2605","page","type-page","status-publish","hentry","wpautop"],"_links":{"self":[{"href":"https:\/\/shop.kls.de\/en\/wp-json\/wp\/v2\/pages\/2605"}],"collection":[{"href":"https:\/\/shop.kls.de\/en\/wp-json\/wp\/v2\/pages"}],"about":[{"href":"https:\/\/shop.kls.de\/en\/wp-json\/wp\/v2\/types\/page"}],"author":[{"embeddable":true,"href":"https:\/\/shop.kls.de\/en\/wp-json\/wp\/v2\/users\/1"}],"replies":[{"embeddable":true,"href":"https:\/\/shop.kls.de\/en\/wp-json\/wp\/v2\/comments?post=2605"}],"version-history":[{"count":1,"href":"https:\/\/shop.kls.de\/en\/wp-json\/wp\/v2\/pages\/2605\/revisions"}],"predecessor-version":[{"id":2606,"href":"https:\/\/shop.kls.de\/en\/wp-json\/wp\/v2\/pages\/2605\/revisions\/2606"}],"up":[{"embeddable":true,"href":"https:\/\/shop.kls.de\/en\/wp-json\/wp\/v2\/pages\/2603"}],"wp:attachment":[{"href":"https:\/\/shop.kls.de\/en\/wp-json\/wp\/v2\/media?parent=2605"}],"curies":[{"name":"wp","href":"https:\/\/api.w.org\/{rel}","templated":true}]}}